{"id":1272,"date":"2016-09-12T20:53:40","date_gmt":"2016-09-12T18:53:40","guid":{"rendered":"http:\/\/osmutaa.splet.arnes.si\/?page_id=1272"},"modified":"2017-03-10T19:10:41","modified_gmt":"2017-03-10T18:10:41","slug":"oddaje-sola-da-se-ti-zrola-ii-sezona","status":"publish","type":"page","link":"https:\/\/osmuta.si\/?page_id=1272","title":{"rendered":"Oddaje \u0161ola, da se ti zrola (II. sezona)"},"content":{"rendered":"<p><span style=\"text-decoration: underline\"><a href=\"https:\/\/www.youtube.com\/watch?v=9GqQZmElIlA\" target=\"_blank\">Oddaja \u0161ola, da se ti zrola 1. del<\/a><\/span><\/p>\n<p><iframe loading=\"lazy\" width=\"1080\" height=\"608\" src=\"https:\/\/www.youtube.com\/embed\/9GqQZmElIlA?feature=oembed\" frameborder=\"0\" allowfullscreen><\/iframe><\/p>\n<p><span style=\"text-decoration: underline\"><a href=\"https:\/\/www.youtube.com\/watch?v=xh9xx89-iUc\" target=\"_blank\">Oddaja \u0161ola, da se ti zrola 2. del<\/a><\/span><\/p>\n<p><iframe loading=\"lazy\" width=\"1080\" height=\"608\" src=\"https:\/\/www.youtube.com\/embed\/xh9xx89-iUc?feature=oembed\" frameborder=\"0\" allowfullscreen><\/iframe><\/p>\n<p><span style=\"text-decoration: underline\"><a href=\"https:\/\/www.youtube.com\/watch?v=Y4YOAhT8UsM\" target=\"_blank\">Oddaja \u0161ola, da se ti zrola 3. del<\/a><\/span><\/p>\n<p><iframe loading=\"lazy\" width=\"1080\" height=\"608\" src=\"https:\/\/www.youtube.com\/embed\/Y4YOAhT8UsM?feature=oembed\" frameborder=\"0\" allowfullscreen><\/iframe><\/p>\n","protected":false},"excerpt":{"rendered":"<p>Oddaja \u0161ola, da se ti zrola 1. del Oddaja \u0161ola, da se ti zrola 2. del Oddaja \u0161ola, da se ti zrola 3. del<\/p>\n","protected":false},"author":5469,"featured_media":0,"parent":1859,"menu_order":0,"comment_status":"closed","ping_status":"closed","template":"","meta":{"_et_pb_use_builder":"","_et_pb_old_content":"","_et_gb_content_width":"","ngg_post_thumbnail":0,"footnotes":""},"class_list":["post-1272","page","type-page","status-publish","hentry"],"_links":{"self":[{"href":"https:\/\/osmuta.si\/index.php?rest_route=\/wp\/v2\/pages\/1272","targetHints":{"allow":["GET"]}}],"collection":[{"href":"https:\/\/osmuta.si\/index.php?rest_route=\/wp\/v2\/pages"}],"about":[{"href":"https:\/\/osmuta.si\/index.php?rest_route=\/wp\/v2\/types\/page"}],"author":[{"embeddable":true,"href":"https:\/\/osmuta.si\/index.php?rest_route=\/wp\/v2\/users\/5469"}],"replies":[{"embeddable":true,"href":"https:\/\/osmuta.si\/index.php?rest_route=%2Fwp%2Fv2%2Fcomments&post=1272"}],"version-history":[{"count":1,"href":"https:\/\/osmuta.si\/index.php?rest_route=\/wp\/v2\/pages\/1272\/revisions"}],"predecessor-version":[{"id":1273,"href":"https:\/\/osmuta.si\/index.php?rest_route=\/wp\/v2\/pages\/1272\/revisions\/1273"}],"up":[{"embeddable":true,"href":"https:\/\/osmuta.si\/index.php?rest_route=\/wp\/v2\/pages\/1859"}],"wp:attachment":[{"href":"https:\/\/osmuta.si\/index.php?rest_route=%2Fwp%2Fv2%2Fmedia&parent=1272"}],"curies":[{"name":"wp","href":"https:\/\/api.w.org\/{rel}","templated":true}]}}