{"id":14979,"date":"2023-05-23T10:48:02","date_gmt":"2023-05-23T08:48:02","guid":{"rendered":"https:\/\/osmutaa.splet.arnes.si\/?page_id=14979"},"modified":"2023-05-23T10:48:02","modified_gmt":"2023-05-23T08:48:02","slug":"ir-optika-2-in-posodobitev-omrezij-lan-na-viz","status":"publish","type":"page","link":"https:\/\/osmuta.si\/?page_id=14979","title":{"rendered":"IR optika 2 in posodobitev omre\u017eij LAN na VIZ"},"content":{"rendered":"<h1 class=\"entry-title\"><img decoding=\"async\" style=\"color: #666666;font-size: 14px\" src=\"https:\/\/www.os-smarjeta.si\/files\/2023\/04\/NOO_Arnes_Ministrstvo-za-vzgojo-in-izobrazevanje_EU.png\" alt=\"\"><span style=\"color: #666666;font-size: 14px\">Naziv operacije: Vzpostavitev opti\u010dne povezljivosti za zavode s podro\u010dja raziskovanja in izobra\u017eevanja \u2013 IR optika 2<\/span><\/h1>\n<div class=\"entry-content\">\n<p>Cilji projekta: Namen projekta&nbsp;<a role=\"link\" href=\"https:\/\/www.arnes.si\/ir-optika-2\/\" target=\"_blank\" rel=\"noopener\">IR optika 2<\/a>&nbsp;je vzpostaviti opti\u010dne povezave pri \u010dim ve\u010d javnih zavodih s podro\u010dja vzgoje in izobra\u017eevanja, ki \u0161e nimajo lastne opti\u010dne povezave in pri tistih zavodih, ki uporabljajo opti\u010dne povezave, vendar zanje pla\u010dujejo visoke stro\u0161ke zakupa. Skupna vrednost programa zna\u0161a 5.900.000 \u20ac, sredstva mehanizma za okrevanje in odpornost zna\u0161ajo 4.836.065,57 \u20ac.<\/p>\n<h4>Posodobitev omre\u017eij LAN na VIZ<\/h4>\n<p>Naziv operacije: Posodobitev ra\u010dunalni\u0161kih omre\u017eij LAN na VIZ v osnovnem in srednjem \u0161olstvu ter organizacijah za izobra\u017eevanje odraslih<\/p>\n<p>Cilji projekta: Namen projekta&nbsp;<a role=\"link\" href=\"https:\/\/www.arnes.si\/posodobitev-omrezij-lan-na-viz\/\" target=\"_blank\" rel=\"noopener\">Posodobitev omre\u017eij LAN na VIZ<\/a>&nbsp;je posodobiti ra\u010dunalni\u0161ka omre\u017eja; pregled obstoje\u010dega stanja, izdelava na\u010drta posodobitve, izvedba posodobitve \u2013 nadgradnja aktivne in pasivne opreme v osnovnem in srednjem \u0161olstvu ter na organizacijah izobra\u017eevanja za odrasle. Skupna vrednost programa zna\u0161a 5.533.333,81 \u20ac, sredstva mehanizma za okrevanje in odpornost zna\u0161ajo 4.605.647 \u20ac.<\/p>\n<p>Na\u010drt za okrevanje in odpornost je podlaga za kori\u0161\u010denje sredstev evropskega Mehanizma za okrevanje in odpornost. Pripomogel bo k okrevanju slovenskega gospodarstva in prispeval k bla\u017eitvi socialnih posledic pandemije covida-19. Z izvedbo na\u010drtovanih reform in nalo\u017eb za zeleni in digitalni prehod bo slovenska dru\u017eba bolj trajnostna, odpornej\u0161a in bolje pripravljena na izzive prihodnosti. NOO sofinancirata Evropska unija in Ministrstvo za vzgojo in izobra\u017eevanje v okviru odziva Unije na pandemijo COVID-19.<\/p>\n<p>Vse informacije o izvajanju Na\u010drta za okrevanje in odpornost (NOO) v Republiki Sloveniji najdete na spletni strani&nbsp;<a role=\"link\" href=\"https:\/\/www.gov.si\/zbirke\/projekti-in-programi\/nacrt-za-okrevanje-in-odpornost\" target=\"_blank\" rel=\"noopener\">noo.gov.si<\/a>.<\/p>\n<\/div>\n","protected":false},"excerpt":{"rendered":"<p>Naziv operacije: Vzpostavitev opti\u010dne povezljivosti za zavode s podro\u010dja raziskovanja in izobra\u017eevanja \u2013 IR optika 2 Cilji projekta: Namen projekta&nbsp;IR optika 2&nbsp;je vzpostaviti opti\u010dne povezave pri \u010dim ve\u010d javnih zavodih s podro\u010dja vzgoje in izobra\u017eevanja, ki \u0161e nimajo lastne opti\u010dne povezave in pri tistih zavodih, ki uporabljajo opti\u010dne povezave, vendar zanje pla\u010dujejo visoke stro\u0161ke zakupa. [&hellip;]<\/p>\n","protected":false},"author":5469,"featured_media":0,"parent":279,"menu_order":0,"comment_status":"closed","ping_status":"closed","template":"","meta":{"_et_pb_use_builder":"","_et_pb_old_content":"","_et_gb_content_width":"","ngg_post_thumbnail":0,"footnotes":""},"class_list":["post-14979","page","type-page","status-publish","hentry"],"_links":{"self":[{"href":"https:\/\/osmuta.si\/index.php?rest_route=\/wp\/v2\/pages\/14979","targetHints":{"allow":["GET"]}}],"collection":[{"href":"https:\/\/osmuta.si\/index.php?rest_route=\/wp\/v2\/pages"}],"about":[{"href":"https:\/\/osmuta.si\/index.php?rest_route=\/wp\/v2\/types\/page"}],"author":[{"embeddable":true,"href":"https:\/\/osmuta.si\/index.php?rest_route=\/wp\/v2\/users\/5469"}],"replies":[{"embeddable":true,"href":"https:\/\/osmuta.si\/index.php?rest_route=%2Fwp%2Fv2%2Fcomments&post=14979"}],"version-history":[{"count":1,"href":"https:\/\/osmuta.si\/index.php?rest_route=\/wp\/v2\/pages\/14979\/revisions"}],"predecessor-version":[{"id":14980,"href":"https:\/\/osmuta.si\/index.php?rest_route=\/wp\/v2\/pages\/14979\/revisions\/14980"}],"up":[{"embeddable":true,"href":"https:\/\/osmuta.si\/index.php?rest_route=\/wp\/v2\/pages\/279"}],"wp:attachment":[{"href":"https:\/\/osmuta.si\/index.php?rest_route=%2Fwp%2Fv2%2Fmedia&parent=14979"}],"curies":[{"name":"wp","href":"https:\/\/api.w.org\/{rel}","templated":true}]}}