{"id":166,"date":"2015-08-06T16:27:51","date_gmt":"2015-08-06T14:27:51","guid":{"rendered":"http:\/\/osmutaa.splet.arnes.si\/?page_id=166"},"modified":"2025-09-05T09:33:41","modified_gmt":"2025-09-05T07:33:41","slug":"o-projektih","status":"publish","type":"page","link":"https:\/\/osmuta.si\/?page_id=166","title":{"rendered":"O projektih"},"content":{"rendered":"<div class=\"art-postcontent clearfix\">\n<div class=\"art-article\">\n<div class=\"art-postcontent clearfix\">\n<div class=\"art-article\">\n<div class=\"leading\">\n<p><span style=\"color: #000000\">Na \u0161oli se izvajajo naslednji projekti:<\/span><\/p>\n<p><span style=\"color: #000000\">1. Projekt<strong> PEDAGOGIKA 5.0<\/strong><br \/>\n2. Projekt <strong>ZDRAVA \u0160OLA<\/strong><\/span><span style=\"color: #000000\"><strong><br \/>\n<\/strong><\/span><span style=\"color: #000000\">3. Projekt dr\u017eav \u010dlanic EU <strong>\u0160OLSKA SHEMA<\/strong><br \/>\n<\/span><span style=\"color: #000000\">4. <strong>VSE U\u010cENCE O\u0160 MUTA NAU\u010cIMO PLAVATI<br \/>\n<\/strong><\/span><span style=\"color: #000000\">5. \u0160portna projekta <strong>KRPAN<\/strong> in <strong>ZLATI SON\u010cEK<br \/>\n<\/strong><\/span><span style=\"color: #000000\">6<\/span><span style=\"color: #000000\">. Nacionalni projekt <strong>RASTEM S<\/strong> <strong>KNJIGO<\/strong>; izvirno slovensko mladinsko leposlovno delo vsakemu sedmo\u0161olcu<strong><br \/>\n<\/strong><\/span><span style=\"color: #000000\">7. <strong>KREPITEV ETIKE IN INTEGRITETE V VIZ<\/strong><\/span><\/p>\n<p><span style=\"color: #000000\"><strong>DRUGE DEJAVNOSTI ZA U\u010cENCE<br \/>\n1. NA\u0160A MALA KNJI\u017dNICA<br \/>\n2. RAZVESELIMO STAREJ\u0160E<br \/>\n3. POLICIST LEON<br \/>\n4. OKOLJU PRIJAZNA \u0160OLA<\/strong><\/span><\/p>\n<p><span style=\"color: #000000\">U\u010ditelji v letnih pripravah na\u010drtujejo tudi kraj\u0161e projekte, ki jih izvajajo z u\u010denci v okviru rednega pouka ali znotraj interesnih dejavnosti.<strong><br \/>\n<\/strong><\/span><\/p>\n<\/div>\n<\/div>\n<\/div>\n<\/div>\n<\/div>\n","protected":false},"excerpt":{"rendered":"<p>Na \u0161oli se izvajajo naslednji projekti: 1. Projekt PEDAGOGIKA 5.0 2. Projekt ZDRAVA \u0160OLA 3. Projekt dr\u017eav \u010dlanic EU \u0160OLSKA SHEMA 4. VSE U\u010cENCE O\u0160 MUTA NAU\u010cIMO PLAVATI 5. \u0160portna projekta KRPAN in ZLATI SON\u010cEK 6. Nacionalni projekt RASTEM S KNJIGO; izvirno slovensko mladinsko leposlovno delo vsakemu sedmo\u0161olcu 7. KREPITEV ETIKE IN INTEGRITETE V VIZ [&hellip;]<\/p>\n","protected":false},"author":5469,"featured_media":0,"parent":279,"menu_order":0,"comment_status":"closed","ping_status":"closed","template":"","meta":{"_et_pb_use_builder":"","_et_pb_old_content":"","_et_gb_content_width":"","ngg_post_thumbnail":0,"footnotes":""},"class_list":["post-166","page","type-page","status-publish","hentry"],"_links":{"self":[{"href":"https:\/\/osmuta.si\/index.php?rest_route=\/wp\/v2\/pages\/166","targetHints":{"allow":["GET"]}}],"collection":[{"href":"https:\/\/osmuta.si\/index.php?rest_route=\/wp\/v2\/pages"}],"about":[{"href":"https:\/\/osmuta.si\/index.php?rest_route=\/wp\/v2\/types\/page"}],"author":[{"embeddable":true,"href":"https:\/\/osmuta.si\/index.php?rest_route=\/wp\/v2\/users\/5469"}],"replies":[{"embeddable":true,"href":"https:\/\/osmuta.si\/index.php?rest_route=%2Fwp%2Fv2%2Fcomments&post=166"}],"version-history":[{"count":13,"href":"https:\/\/osmuta.si\/index.php?rest_route=\/wp\/v2\/pages\/166\/revisions"}],"predecessor-version":[{"id":19344,"href":"https:\/\/osmuta.si\/index.php?rest_route=\/wp\/v2\/pages\/166\/revisions\/19344"}],"up":[{"embeddable":true,"href":"https:\/\/osmuta.si\/index.php?rest_route=\/wp\/v2\/pages\/279"}],"wp:attachment":[{"href":"https:\/\/osmuta.si\/index.php?rest_route=%2Fwp%2Fv2%2Fmedia&parent=166"}],"curies":[{"name":"wp","href":"https:\/\/api.w.org\/{rel}","templated":true}]}}