{"id":19265,"date":"2025-06-27T07:32:48","date_gmt":"2025-06-27T05:32:48","guid":{"rendered":"https:\/\/osmutaa.splet.arnes.si\/?page_id=19265"},"modified":"2025-06-27T07:32:48","modified_gmt":"2025-06-27T05:32:48","slug":"izobrazevanja","status":"publish","type":"page","link":"https:\/\/osmuta.si\/?page_id=19265","title":{"rendered":"Izobra\u017eevanja"},"content":{"rendered":"<p><span style=\"color: #000000\">Dragi starej\u0161i,<u><\/u><u><\/u><\/span><\/p>\n<p><span style=\"color: #000000\">\u010de vas najstnikov bes \u017ee kdaj zadene kot strela z jasnega\u2026 potem veste, da tisti trenutki niso samo naporni \u2013 v\u010dasih nas kar sesujejo.<u><\/u><u><\/u><\/span><\/p>\n<p><span style=\"color: #000000\">Ravno zato sva ustvarila video trening Jeza pri najstniku.<\/span><\/p>\n<p><span style=\"color: #000000\"><u><\/u><u><\/u><strong>Da vam poka\u017ee, kako se odzvati druga\u010de.<\/strong><u><\/u><u><\/u><\/span><\/p>\n<p><span style=\"color: #000000\"><strong>Mirno. Mo\u010dno. Povezano.<\/strong><u><\/u><u><\/u><\/span><\/p>\n<p><span style=\"color: #000000\">In ker je poletje \u010das, ko ste z otroki najve\u010d skupaj, vam \u017eeli ponuditi 15 % popust \u2013 \u0161e nekaj dni.<u><\/u><u><\/u><\/span><\/p>\n<p><span style=\"color: #000000\"><img decoding=\"async\" class=\"an1\" src=\"https:\/\/fonts.gstatic.com\/s\/e\/notoemoji\/16.0\/27a1_fe0f\/72.png\" alt=\"\u27a1\ufe0f\" data-emoji=\"\u27a1\ufe0f\" aria-label=\"\u27a1\ufe0f\">&nbsp;Namesto 39,90 \u20ac zdaj cena te\u010daja 33,92 \u20ac<\/span><\/p>\n<p><span style=\"color: #000000\"><img decoding=\"async\" class=\"an1\" src=\"https:\/\/fonts.gstatic.com\/s\/e\/notoemoji\/16.0\/27a1_fe0f\/72.png\" alt=\"\u27a1\ufe0f\" data-emoji=\"\u27a1\ufe0f\" aria-label=\"\u27a1\ufe0f\">&nbsp;Na voljo le do ponedeljka, 30. 6.<\/span><\/p>\n<p><span style=\"color: #000000\"><img decoding=\"async\" class=\"an1\" src=\"https:\/\/fonts.gstatic.com\/s\/e\/notoemoji\/16.0\/27a1_fe0f\/72.png\" alt=\"\u27a1\ufe0f\" data-emoji=\"\u27a1\ufe0f\" aria-label=\"\u27a1\ufe0f\">&nbsp;Vklju\u010duje metodo 3\/10, video razlago in konkretne korake<u><\/u><u><\/u><\/span><\/p>\n<p><span style=\"color: #000000\">To je prilo\u017enost, da se opremite za obdobje, ki zna biti\u2026 vro\u010de. V vseh pomenih besedah.<\/span><u><\/u><u><\/u><\/p>\n<p><strong><a href=\"https:\/\/vezal.si\/?ns_url=25f0&amp;mid=1529721&amp;fch=cd45b802\" target=\"_blank\" rel=\"noopener\">Kliknite tukaj za dostop do te\u010daja po zni\u017eani ceni &gt;&gt;<\/a><\/strong><u><\/u><u><\/u><\/p>\n<p><span style=\"color: #000000\">Topel pozdrav,<\/span><\/p>\n<p><span style=\"color: #000000\"><u><\/u><u><\/u>Leonida v Albertu Mrgoleju<\/span><br \/>\n<span style=\"color: #000000\">Zavod Vezal<\/span><\/p>\n","protected":false},"excerpt":{"rendered":"<p>Dragi starej\u0161i, \u010de vas najstnikov bes \u017ee kdaj zadene kot strela z jasnega\u2026 potem veste, da tisti trenutki niso samo naporni \u2013 v\u010dasih nas kar sesujejo. Ravno zato sva ustvarila video trening Jeza pri najstniku. Da vam poka\u017ee, kako se odzvati druga\u010de. Mirno. Mo\u010dno. Povezano. In ker je poletje \u010das, ko ste z otroki najve\u010d [&hellip;]<\/p>\n","protected":false},"author":5469,"featured_media":0,"parent":272,"menu_order":0,"comment_status":"closed","ping_status":"closed","template":"","meta":{"_et_pb_use_builder":"","_et_pb_old_content":"","_et_gb_content_width":"","ngg_post_thumbnail":0,"footnotes":""},"class_list":["post-19265","page","type-page","status-publish","hentry"],"_links":{"self":[{"href":"https:\/\/osmuta.si\/index.php?rest_route=\/wp\/v2\/pages\/19265","targetHints":{"allow":["GET"]}}],"collection":[{"href":"https:\/\/osmuta.si\/index.php?rest_route=\/wp\/v2\/pages"}],"about":[{"href":"https:\/\/osmuta.si\/index.php?rest_route=\/wp\/v2\/types\/page"}],"author":[{"embeddable":true,"href":"https:\/\/osmuta.si\/index.php?rest_route=\/wp\/v2\/users\/5469"}],"replies":[{"embeddable":true,"href":"https:\/\/osmuta.si\/index.php?rest_route=%2Fwp%2Fv2%2Fcomments&post=19265"}],"version-history":[{"count":1,"href":"https:\/\/osmuta.si\/index.php?rest_route=\/wp\/v2\/pages\/19265\/revisions"}],"predecessor-version":[{"id":19266,"href":"https:\/\/osmuta.si\/index.php?rest_route=\/wp\/v2\/pages\/19265\/revisions\/19266"}],"up":[{"embeddable":true,"href":"https:\/\/osmuta.si\/index.php?rest_route=\/wp\/v2\/pages\/272"}],"wp:attachment":[{"href":"https:\/\/osmuta.si\/index.php?rest_route=%2Fwp%2Fv2%2Fmedia&parent=19265"}],"curies":[{"name":"wp","href":"https:\/\/api.w.org\/{rel}","templated":true}]}}