{"id":58,"date":"2015-08-06T15:17:54","date_gmt":"2015-08-06T13:17:54","guid":{"rendered":"http:\/\/osmutaa.splet.arnes.si\/?page_id=58"},"modified":"2022-09-02T11:36:23","modified_gmt":"2022-09-02T09:36:23","slug":"katalog-informacij","status":"publish","type":"page","link":"https:\/\/osmuta.si\/?page_id=58","title":{"rendered":"Katalog informacij"},"content":{"rendered":"<table>\n<tbody>\n<tr>\n<td colspan=\"2\" width=\"554\"><span style=\"color: #000000\">1.&nbsp;&nbsp;&nbsp;&nbsp;&nbsp;&nbsp; Osnovni podatki&nbsp; o katalogu<\/span><\/td>\n<\/tr>\n<tr>\n<td width=\"134\">\n<p><span style=\"color: #000000\">Naziv zavoda:<\/span><\/p>\n<p><span style=\"color: #000000\">Naslov:<\/span><\/p>\n<p><span style=\"color: #000000\">Po\u0161ta:<\/span><\/p>\n<p><span style=\"color: #000000\">Telefon:<\/span><\/p>\n<p><span style=\"color: #000000\">Elektronski naslov:<\/span><\/td>\n<td width=\"420\">\n<p><strong><span style=\"color: #000000\">OSNOVNA \u0160OLA MUTA<\/span><\/strong><\/p>\n<p><strong><span style=\"color: #000000\">\u0160OLSKA ULICA 6<\/span><\/strong><\/p>\n<p><strong><span style=\"color: #000000\">2366&nbsp; MUTA<\/span><\/strong><\/p>\n<p><strong><span style=\"color: #000000\">02 887 95 20<\/span><\/strong><\/td>\n<\/tr>\n<tr>\n<td width=\"134\"><span style=\"color: #000000\">Odgovorna uradna oseba:<\/span><\/td>\n<td width=\"420\">\n<p><strong><span style=\"color: #000000\">ANITA AMBRO\u017d, prof., ravnateljica<\/span><\/strong><\/p>\n<p><strong><span style=\"color: #000000\">Telefon: 02 887 95 20<\/span><\/strong><\/td>\n<\/tr>\n<tr>\n<td width=\"134\">\n<p><span style=\"color: #000000\">Datum objave kataloga:<\/span><\/p>\n<p><span style=\"color: #000000\">Datum zadnje spremembe:<\/span><\/p>\n<p><span style=\"color: #000000\">Katalog je dostopen na spletnem naslovu:<\/span><\/p>\n<p><span style=\"color: #000000\">Druge oblike kataloga:<\/span><\/td>\n<td width=\"420\">\n<p><strong><span style=\"color: #000000\">1. 12. 2019<\/span><\/strong><\/p>\n<p><span style=\"color: #000080\"><strong><a style=\"color: #000080\" href=\"http:\/\/www.osmuta.si\">http:\/\/www.osmuta.si<\/a><\/strong><\/span><\/p>\n<p><strong><span style=\"color: #000000\">Katalog je v fizi\u010dni obliki dostopen na sede\u017eu \u0161ole.<\/span><\/strong><\/td>\n<\/tr>\n<\/tbody>\n<\/table>\n<table>\n<tbody>\n<tr>\n<td colspan=\"2\" width=\"559\"><span style=\"color: #000000\"><strong>2.&nbsp;&nbsp;&nbsp;&nbsp;&nbsp;&nbsp; <\/strong><strong>Splo\u0161ni podatki o organu in informacijah javnega zna\u010daja, s katerimi razpolaga<\/strong><\/span><\/td>\n<\/tr>\n<tr>\n<td colspan=\"2\" width=\"559\">\n<p><span style=\"color: #000000\">2. a Organigram in podatki o organizaciji \u0161ole<\/span><\/p>\n<p><span style=\"color: #000000\">Ustanovitelj \u0161ole je Ob\u010dina Muta. Ob\u010dinski svet Ob\u010dine Muta je na svoji 21. redni seji dne 2. 10. 1996 sprejel odlok o ustanovitvi Javnega vzgojno-izobra\u017eevalnega zavoda Osnovne \u0161ole Muta, kar je bilo objavljeno v MUV 22\/96, ki je za\u010del veljati osmi dan po objavi v MUV, to je dne 17. 10. 1996.<\/span><\/p>\n<p><span style=\"color: #000000\">Zavod je javni vzgojno-izobra\u017eevalni zavod in deluje pod imenom:<\/span><\/p>\n<p><span style=\"color: #000000\"><strong><em>Osnovna \u0161ola Muta<\/em><\/strong><\/span><\/td>\n<\/tr>\n<tr>\n<td width=\"137\"><span style=\"color: #000000\">Osnovna \u0161ola opravlja javno slu\u017ebo na podro\u010dju:<\/span><\/td>\n<td width=\"422\">\n<p><span style=\"color: #000000\">\u00b7&nbsp;&nbsp;&nbsp;&nbsp;&nbsp;&nbsp;&nbsp;&nbsp; osnovno\u0161olsko izobra\u017eevanje<\/span><\/p>\n<p><span style=\"color: #000000\">\u00b7&nbsp;&nbsp;&nbsp;&nbsp;&nbsp;&nbsp;&nbsp;&nbsp; pred\u0161olska vzgoja<\/span><\/p>\n<p><span style=\"color: #000000\">\u00b7&nbsp;&nbsp;&nbsp;&nbsp;&nbsp;&nbsp;&nbsp;&nbsp; priprava hrane<\/span><\/p>\n<p><span style=\"color: #000000\">Poleg osnovne dejavnosti&nbsp; opravlja osnovna \u0161ola \u0161e dopolnilne dejavnosti, navedene v odloku o ustanovitvi.<\/span><\/p>\n<p><span style=\"color: #000000\"><strong>Organi \u0161ole so:<\/strong>&nbsp; svet \u0161ole, ravnatelj, svet star\u0161ev in strokovni organi.<\/span><\/p>\n<p><span style=\"color: #000000\"><strong>Strokovni organi \u0161ole:<\/strong> u\u010diteljski zbor, oddel\u010dni u\u010diteljski zbor, programski u\u010diteljski zbor, razrednik in strokovni aktivi.<\/span><\/td>\n<\/tr>\n<tr>\n<td width=\"137\"><span style=\"color: #000000\">Seznam vseh notranjih organizacijskih enot:<\/span><\/td>\n<td width=\"422\">\n<p><span style=\"color: #000000\">\u00b7&nbsp;&nbsp;&nbsp;&nbsp;&nbsp;&nbsp;&nbsp;&nbsp; Osnovna \u0161ola Muta, \u0160olska ulica 6, 2366&nbsp; Muta<\/span><\/p>\n<p><span style=\"color: #000000\">\u00b7&nbsp;&nbsp;&nbsp;&nbsp;&nbsp;&nbsp;&nbsp;&nbsp; Oddelki osnovne \u0161ole s prilagojenim programom, Gasilska ulica 4, 2366 Muta<\/span><\/p>\n<p><span style=\"color: #000000\">\u00b7&nbsp;&nbsp;&nbsp;&nbsp;&nbsp;&nbsp;&nbsp;&nbsp; Enota VVE, Gortinska cesta 5, 2366&nbsp; Muta<\/span><\/td>\n<\/tr>\n<tr>\n<td width=\"137\"><span style=\"color: #000000\">Organigram zavoda<\/span><\/td>\n<td width=\"422\"><span style=\"color: #000000\">\u00b7&nbsp;&nbsp;&nbsp;&nbsp;&nbsp;&nbsp;&nbsp;&nbsp; <a style=\"color: #000000\" href=\"http:\/\/osmutaa.splet.arnes.si\/files\/2020\/09\/organigram_sola.pdf\">Organigram zavoda<\/a><\/span><\/td>\n<\/tr>\n<tr>\n<td colspan=\"2\" width=\"559\">\n<p><span style=\"color: #000000\"><strong>2. b Kontaktni podatki uradne osebe, pristojne za posredovanje informacij javnega zna\u010daja<\/strong><\/span><\/p>\n<p><span style=\"color: #000000\">Ime in priimek pristojne osebe:&nbsp;&nbsp;&nbsp;&nbsp;&nbsp;&nbsp;&nbsp;&nbsp;&nbsp;&nbsp;&nbsp;&nbsp;&nbsp;&nbsp; ANITA AMBRO\u017d, prof., ravnateljica<\/span><\/p>\n<p><span style=\"color: #000000\">Delovno mesto in naziv:&nbsp;&nbsp;&nbsp;&nbsp;&nbsp;&nbsp;&nbsp;&nbsp;&nbsp;&nbsp;&nbsp;&nbsp;&nbsp;&nbsp;&nbsp;&nbsp;&nbsp;&nbsp;&nbsp;&nbsp;&nbsp;&nbsp;&nbsp;&nbsp;&nbsp; ravnateljica, profesorica pedagogike<\/span><\/p>\n<p><span style=\"color: #000000\">Elektronski naslov:&nbsp;<\/span>&nbsp;&nbsp;&nbsp;&nbsp;&nbsp;&nbsp;&nbsp;&nbsp;&nbsp;&nbsp;&nbsp;&nbsp;&nbsp;&nbsp;&nbsp;&nbsp;&nbsp;&nbsp;&nbsp;&nbsp;&nbsp;&nbsp;&nbsp;&nbsp;&nbsp;&nbsp;&nbsp;&nbsp;&nbsp;&nbsp;&nbsp;&nbsp; <a href=\"mailto:group1.ossgmu@guest.arnes.si\">group1.ossgmu@guest.arnes.si<\/a><\/p>\n<p><span style=\"color: #000000\">Po\u0161tni naslov:&nbsp;&nbsp;&nbsp;&nbsp;&nbsp;&nbsp;&nbsp;&nbsp;&nbsp;&nbsp;&nbsp;&nbsp;&nbsp;&nbsp;&nbsp;&nbsp;&nbsp;&nbsp;&nbsp;&nbsp;&nbsp;&nbsp;&nbsp;&nbsp;&nbsp;&nbsp;&nbsp;&nbsp;&nbsp;&nbsp;&nbsp;&nbsp;&nbsp;&nbsp;&nbsp;&nbsp;&nbsp;&nbsp;&nbsp;&nbsp; &nbsp;\u0160OLSKA ULICA 6, 2366&nbsp; MUTA<\/span><\/p>\n<p><span style=\"color: #000000\">Slu\u017ebena telefonska \u0161tevilka:&nbsp;&nbsp;&nbsp;&nbsp;&nbsp;&nbsp;&nbsp;&nbsp;&nbsp;&nbsp;&nbsp;&nbsp;&nbsp;&nbsp;&nbsp;&nbsp;&nbsp; 02\/887 95 20<\/span><\/p>\n<p><span style=\"color: #000000\">2. c Seznam glavnih predpisov z delovnega podro\u010dja zavoda<\/span><\/p>\n<p><span style=\"color: #000000\">Povezave na register predpisov pristojnega ministrstva:<\/span><\/p>\n<ul>\n<li><span style=\"color: #000000\">predpisi s podro\u010dja vzgoje in&nbsp; izobra\u017eevanja&nbsp;&nbsp;&nbsp;<\/span>&nbsp;&nbsp;&nbsp;&nbsp;&nbsp;&nbsp;&nbsp;&nbsp;&nbsp;&nbsp;&nbsp;&nbsp;&nbsp;&nbsp;&nbsp; <u><a href=\"https:\/\/www.gov.si\/drzavni-organi\/ministrstva\/ministrstvo-za-izobrazevanje-znanost-in-sport\/zakonodaja\/\">povezava<\/a><\/u><\/li>\n<li><span style=\"color: #000000\">predpisi s podro\u010dja osnovno\u0161olskega izobra\u017eevanja<\/span>&nbsp;&nbsp;&nbsp;&nbsp;&nbsp; <u><a href=\"https:\/\/www.gov.si\/podrocja\/izobrazevanje-znanost-in-sport\/osnovnosolsko-izobrazevanje\/\">povezava<\/a><\/u><\/li>\n<\/ul>\n<p><span style=\"color: #000000\">Povezava na odlok o ustanovitvi v Medob\u010dinskem uradnem vestniku<\/span><\/p>\n<p><span style=\"color: #000000\">Odlok o ustanovitvi javnega vzgojno-izobra\u017eevalnega zavoda Osnovna \u0161ola Muta&nbsp;<\/span><\/p>\n<p><span style=\"color: #000000\"><strong>Splo\u0161ni akti \u0161ole:<\/strong><\/span><\/p>\n<p><a href=\"http:\/\/osmuta.si\/files\/2015\/08\/HI%C5%A0NI_RED_1415.pdf\"><strong>Hi\u0161ni red<\/strong><\/a><\/p>\n<p><a href=\"http:\/\/osmuta.si\/files\/2015\/08\/pravila_solskega_reda_2014.pdf\"><strong>Pravila \u0161olskega reda<\/strong><\/a><\/p>\n<p><span style=\"color: #000000\"><strong>Pravila o prilagajanju \u0161olskih obveznosti<\/strong><\/span><\/p>\n<p><span style=\"color: #000000\"><strong>Prometno varnostni na\u010drt<\/strong><\/span><\/p>\n<p><span style=\"color: #000000\"><strong>2. \u010d Seznam predlogov predpisov<\/strong><\/span><\/p>\n<ul>\n<li><span style=\"color: #000000\">predlogi predpisov s podro\u010dja izobra\u017eevanja<\/span> <u><a href=\"https:\/\/www.gov.si\/drzavni-organi\/ministrstva\/ministrstvo-za-izobrazevanje-znanost-in-sport\/zakonodaja\/#e29695\">&nbsp;&nbsp;&nbsp;&nbsp; povezava<\/a><\/u><\/li>\n<\/ul>\n<p><span style=\"color: #000000\"><strong>2. d Seznam sprejetih in predlaganih programov, strategij, stali\u0161\u010d, mnenj, analiz in drugih podobnih dokumentov po vsebinskih sklopih<\/strong><\/span><\/p>\n<p><span style=\"color: #000000\"><strong>publikacija za \u0161olsko leto<\/strong><\/span><\/p>\n<p><span style=\"color: #000000\"><strong>letni delovni na\u010drt za \u0161olsko leto<\/strong><\/span><\/p>\n<p><strong>O<span style=\"color: #000000\">bjave in razpisna dokumentacija v skladu s predpisi, ki urejajo javno naro\u010danje po ZJN-3<\/span><\/strong><\/p>\n<p><span style=\"color: #000000\">Obvestila v zvezi z javnim naro\u010danjem so objavljena na PORTALU e-NARO\u010cANJE povezava<\/span><\/p>\n<p><span style=\"color: #000000\"><strong>2.e Katalog vrst upravnih, sodnih ali zakonodajnih postopkov oziroma drugih uradnih ali javnih storitev, ki jih organ vodi oziroma zagotavlja svojim uporabnikom<\/strong><\/span><\/p>\n<ul>\n<li><span style=\"color: #000000\">Postopek imenovanja ravnatelja zavoda<\/span><\/li>\n<li><span style=\"color: #000000\">Postopek&nbsp; za napredovanje strokovnih delavcev v nazive<\/span><\/li>\n<li><span style=\"color: #000000\">Postopek&nbsp; za napredovanje strokovnih delavcev v pla\u010dne razrede<\/span><\/li>\n<\/ul>\n<p><span style=\"color: #000000\"><strong>Odlo\u010danje o pravicah in dol\u017enostih u\u010denca <\/strong><\/span><\/p>\n<p><span style=\"color: #000000\">Odlo\u010danje o podelitvi, dodelitvi, mirovanju oziroma prenehanju statusa u\u010denca \u2013 perspektivnega ali vrhunskega \u0161portnika\/perspektivnega mladega umetnika ali vrhunskega mladega umetnika<\/span><\/p>\n<p><span style=\"color: #000000\"><strong>&nbsp;<\/strong><\/span><span style=\"color: #000000\"><strong>2. f &nbsp;Seznam javnih evidenc, ki jih upravlja \u0161ola (z opisom metapodatkov)<\/strong><\/span><\/p>\n<p><span style=\"color: #000000\">\u0160ola ne vodi javnih evidenc.<\/span><\/p>\n<p><span style=\"color: #000000\"><strong>2. g Seznam drugih informatiziranih zbirk podatkov, ki jih vodi \u0161ola s svojega delovnega podro\u010dja<\/strong><\/span><\/p>\n<p><span style=\"color: #000000\">Informacija o \u0161tevilu oddelkov, o spolu u\u010dencev po oddelkih in razredih&nbsp; povezava<\/span><\/p>\n<p><span style=\"color: #000000\">Evidenca o dejanski zasedenosti delovnih mest: opredeljena z aktom o sistemizaciji DM<strong>.<\/strong><\/span><\/td>\n<\/tr>\n<\/tbody>\n<\/table>\n<table>\n<tbody>\n<tr>\n<td width=\"558\">\n<p><span style=\"color: #000000\">3.&nbsp;&nbsp;&nbsp;&nbsp;&nbsp; Opis na\u010dina dostopa do informacij javnega zna\u010daja<\/span><\/p>\n<p><span style=\"color: #000000\"><strong>Tehni\u010dni pogoji za dostop do elektronskega kataloga informacij javnega zna\u010daja: <\/strong><\/span><\/p>\n<ul>\n<li><span style=\"color: #000000\">za brskanje po na\u0161ih spletnih straneh potrebujete brskalnik (Internet Explorer, Firefox).<\/span><\/li>\n<\/ul>\n<p><span style=\"color: #000000\"><strong>Neposreden dostop do kataloga informacij javnega zna\u010daja:<\/strong><\/span><\/p>\n<ul>\n<li><span style=\"color: #000000\">osebni dostop na sede\u017eu \u0161ole,<\/span><\/li>\n<li><span style=\"color: #000000\">dostop po elektronski poti.<\/span><\/li>\n<\/ul>\n<p><span style=\"color: #000000\"><strong>Dostop na podlagi zahteve<\/strong><\/span><\/p>\n<p><span style=\"color: #000000\">Neformalna zahteva:<\/span><\/p>\n<ul>\n<li><span style=\"color: #000000\">ustna zahteva,<\/span><\/li>\n<li><span style=\"color: #000000\">preko telefona,<\/span><\/li>\n<li><span style=\"color: #000000\">po elektronski poti.<\/span><\/li>\n<\/ul>\n<p><span style=\"color: #000000\">Formalna zahteva:<\/span><\/p>\n<ul>\n<li><span style=\"color: #000000\">podana ustno na zapisnik,<\/span><\/li>\n<li><span style=\"color: #000000\">pisna zahteva po po\u0161ti,<\/span><\/li>\n<li><span style=\"color: #000000\">vlo\u017eitev zahteve po elektronski po\u0161ti.<\/span><\/li>\n<\/ul>\n<p><span style=\"color: #000000\"><strong>Dostop do kataloga informacij javnega zna\u010daja za ljudi s posebnimi potrebami: <\/strong><\/span><\/p>\n<ul>\n<li><span style=\"color: #000000\">dostop do informacij javnega zna\u010daja zagotavljamo ljudem s posebnimi potrebami po prehodnem dogovoru.<\/span><\/li>\n<\/ul>\n<h5><span style=\"color: #000000\">4. Stro\u0161kovnik<\/span><\/h5>\n<p><span style=\"color: #000000\">Zavod lahko za ve\u010dji obseg dokumentov zara\u010duna materialne stro\u0161ke po stro\u0161kovniku in postopku 16., 17. in 18. \u010dlena.<\/span><\/p>\n<p><a href=\"http:\/\/www.pisrs.si\/Pis.web\/pregledPredpisa?id=URED6941\">Uredba o posredovanju in ponovni uporabi informacij javnega zna\u010daja<\/a><\/p>\n<p><span style=\"color: #000000\">5. Morebitni stro\u0161kovnik za ponovno uporabo informacij javnega zna\u010daja<\/span><\/p>\n<p><span style=\"color: #000000\">Cene in drugi pogoji za ponovno uporabo informacij javnega zna\u010daja so navedeni od 20. do 26. \u010dlena<\/span><\/p>\n<p><u><a href=\"http:\/\/www.pisrs.si\/Pis.web\/pregledPredpisa?id=URED6941\">Uredba o posredovanju in ponovni uporabi informacij javnega zna\u010daja<\/a><\/u><\/p>\n<p><span style=\"color: #000000\">6. Seznam najpogosteje zahtevanih informacij oz. tematskih sklopov<\/span><\/p>\n<p><span style=\"color: #000000\">Ni zahtev.<\/span><\/td>\n<\/tr>\n<\/tbody>\n<\/table>\n<p>&nbsp;<\/p>\n","protected":false},"excerpt":{"rendered":"<p>1.&nbsp;&nbsp;&nbsp;&nbsp;&nbsp;&nbsp; Osnovni podatki&nbsp; o katalogu Naziv zavoda: Naslov: Po\u0161ta: Telefon: Elektronski naslov: OSNOVNA \u0160OLA MUTA \u0160OLSKA ULICA 6 2366&nbsp; MUTA 02 887 95 20 Odgovorna uradna oseba: ANITA AMBRO\u017d, prof., ravnateljica Telefon: 02 887 95 20 Datum objave kataloga: Datum zadnje spremembe: Katalog je dostopen na spletnem naslovu: Druge oblike kataloga: 1. 12. 2019 http:\/\/www.osmuta.si [&hellip;]<\/p>\n","protected":false},"author":5469,"featured_media":0,"parent":265,"menu_order":0,"comment_status":"closed","ping_status":"closed","template":"","meta":{"_et_pb_use_builder":"","_et_pb_old_content":"","_et_gb_content_width":"","ngg_post_thumbnail":0,"footnotes":""},"class_list":["post-58","page","type-page","status-publish","hentry"],"_links":{"self":[{"href":"https:\/\/osmuta.si\/index.php?rest_route=\/wp\/v2\/pages\/58","targetHints":{"allow":["GET"]}}],"collection":[{"href":"https:\/\/osmuta.si\/index.php?rest_route=\/wp\/v2\/pages"}],"about":[{"href":"https:\/\/osmuta.si\/index.php?rest_route=\/wp\/v2\/types\/page"}],"author":[{"embeddable":true,"href":"https:\/\/osmuta.si\/index.php?rest_route=\/wp\/v2\/users\/5469"}],"replies":[{"embeddable":true,"href":"https:\/\/osmuta.si\/index.php?rest_route=%2Fwp%2Fv2%2Fcomments&post=58"}],"version-history":[{"count":7,"href":"https:\/\/osmuta.si\/index.php?rest_route=\/wp\/v2\/pages\/58\/revisions"}],"predecessor-version":[{"id":13313,"href":"https:\/\/osmuta.si\/index.php?rest_route=\/wp\/v2\/pages\/58\/revisions\/13313"}],"up":[{"embeddable":true,"href":"https:\/\/osmuta.si\/index.php?rest_route=\/wp\/v2\/pages\/265"}],"wp:attachment":[{"href":"https:\/\/osmuta.si\/index.php?rest_route=%2Fwp%2Fv2%2Fmedia&parent=58"}],"curies":[{"name":"wp","href":"https:\/\/api.w.org\/{rel}","templated":true}]}}