{"id":618,"date":"2015-12-04T15:01:39","date_gmt":"2015-12-04T14:01:39","guid":{"rendered":"http:\/\/osmutaa.splet.arnes.si\/?page_id=618"},"modified":"2015-12-04T15:28:51","modified_gmt":"2015-12-04T14:28:51","slug":"fit-slovenija","status":"publish","type":"page","link":"https:\/\/osmuta.si\/?page_id=618","title":{"rendered":"Fit Slovenija"},"content":{"rendered":"<p><img loading=\"lazy\" decoding=\"async\" class=\"attachment-266x266 alignnone\" src=\"http:\/\/osmutaa.splet.arnes.si\/files\/2015\/08\/Fit.png\" alt=\"Fit\" width=\"92\" height=\"83\" \/>\u00a0 V tem \u0161olskem letu smo se vklju\u010dili v Mednarodni projekt FIT Slovenija, ki omogo\u010da javnim zavodom,\u00a0 da na prijazen in ne vsiljiv na\u010din izbolj\u0161a \u017eivljenjski slog, zdravstveno stanje in medsebojne odnose vseh, u\u010dencev, zaposlenih in tudi star\u0161ev. FIT pedagogika z ustreznimi inovativnimi in dinami\u010dnimi pedago\u0161kimi pristopi izbolj\u0161a sam proces izobra\u017eevanja ter s tem vpliva na kakovost izobra\u017eevanja.<br \/>\nVSEBINA:<br \/>\nZnotraj FIT pedagogike bomo na \u0161oli izvedli program FIT KOBACAJ.<br \/>\nIzobra\u017eevanja za u\u010ditelje v tem programu bodo:<br \/>\n\u25cf\u00a0 Psihomotorno u\u010denje,<br \/>\n\u25cf\u00a0 Celosten razvoj otroka s poudarkom na gibanju,<br \/>\n\u25cf\u00a0 Fit metodika in didaktika v pred\u0161olskem\u00a0 in \u0161olskem obdobju,<br \/>\n\u25cf\u00a0 Prakti\u010dni prikaz fit didakti\u010dne gibalne naloge in igre.<\/p>\n","protected":false},"excerpt":{"rendered":"<p>\u00a0 V tem \u0161olskem letu smo se vklju\u010dili v Mednarodni projekt FIT Slovenija, ki omogo\u010da javnim zavodom,\u00a0 da na prijazen in ne vsiljiv na\u010din izbolj\u0161a \u017eivljenjski slog, zdravstveno stanje in medsebojne odnose vseh, u\u010dencev, zaposlenih in tudi star\u0161ev. FIT pedagogika z ustreznimi inovativnimi in dinami\u010dnimi pedago\u0161kimi pristopi izbolj\u0161a sam proces izobra\u017eevanja ter s tem vpliva [&hellip;]<\/p>\n","protected":false},"author":6017,"featured_media":0,"parent":279,"menu_order":0,"comment_status":"closed","ping_status":"closed","template":"","meta":{"_et_pb_use_builder":"","_et_pb_old_content":"","_et_gb_content_width":"","ngg_post_thumbnail":0,"footnotes":""},"class_list":["post-618","page","type-page","status-publish","hentry"],"_links":{"self":[{"href":"https:\/\/osmuta.si\/index.php?rest_route=\/wp\/v2\/pages\/618","targetHints":{"allow":["GET"]}}],"collection":[{"href":"https:\/\/osmuta.si\/index.php?rest_route=\/wp\/v2\/pages"}],"about":[{"href":"https:\/\/osmuta.si\/index.php?rest_route=\/wp\/v2\/types\/page"}],"author":[{"embeddable":true,"href":"https:\/\/osmuta.si\/index.php?rest_route=\/wp\/v2\/users\/6017"}],"replies":[{"embeddable":true,"href":"https:\/\/osmuta.si\/index.php?rest_route=%2Fwp%2Fv2%2Fcomments&post=618"}],"version-history":[{"count":6,"href":"https:\/\/osmuta.si\/index.php?rest_route=\/wp\/v2\/pages\/618\/revisions"}],"predecessor-version":[{"id":624,"href":"https:\/\/osmuta.si\/index.php?rest_route=\/wp\/v2\/pages\/618\/revisions\/624"}],"up":[{"embeddable":true,"href":"https:\/\/osmuta.si\/index.php?rest_route=\/wp\/v2\/pages\/279"}],"wp:attachment":[{"href":"https:\/\/osmuta.si\/index.php?rest_route=%2Fwp%2Fv2%2Fmedia&parent=618"}],"curies":[{"name":"wp","href":"https:\/\/api.w.org\/{rel}","templated":true}]}}