{"id":66,"date":"2015-08-06T15:20:56","date_gmt":"2015-08-06T13:20:56","guid":{"rendered":"http:\/\/osmutaa.splet.arnes.si\/?page_id=66"},"modified":"2015-08-10T21:20:38","modified_gmt":"2015-08-10T19:20:38","slug":"knjiznica","status":"publish","type":"page","link":"https:\/\/osmuta.si\/?page_id=66","title":{"rendered":"Knji\u017enica"},"content":{"rendered":"<div class=\"art-postcontent clearfix\">\n<div class=\"art-article\">\n<div class=\"art-postcontent clearfix\">\n<div class=\"art-article\">\n<p><span style=\"color: #000000\"><strong>KNJI\u017dNICA O\u0160 Muta<\/strong><\/span><\/p>\n<p><span style=\"color: #000000\"><strong>Delovni \u010das:<\/strong><\/span><\/p>\n<p><span style=\"color: #000000\">ponedeljek &#8211; petek: <strong>7.00 &#8211; 14.00 ure<\/strong><\/span><\/p>\n<p><span style=\"color: #000000\">Knji\u017eni\u010darka: <strong>Jo\u017eica Lauko<\/strong><\/span><\/p>\n<p><span style=\"color: #000000\">Telefon: <strong>(02) 88 79 532<\/strong><\/span><\/p>\n<p><span style=\"color: #000000\">E-naslov: <span id=\"cloak12166\"><a style=\"color: #000000\" href=\"mailto:jozica.lauko@guest.arnes.si\">jozica.lauko@guest.arnes.si<\/a><\/span><\/span><\/p>\n<p><span style=\"color: #000000\"><strong>\u0160olska knji\u017enica <\/strong> oskrbuje u\u010dence in u\u010ditelje s knji\u017eni\u010dnim gradivom, ki je potrebno za izvajanja vzgojnoizobra\u017eevalnih programov in drugih dejavnosti na \u0161oli. Vzgaja in oblikuje u\u010denca v bralca na vseh stopnjah njegovega razvoja ter v uporabnika knji\u017enega gradiva, informacijskih virov in knji\u017eni\u010dnih pomagal.<\/span><\/p>\n<p><span style=\"color: #000000\">Knji\u017enica je namenjena u\u010dencem in zaposlenim na Osnovni \u0161oli Muta in O\u0160PP Muta. Knji\u017enica ima na razpolago 170 m.<\/span><br \/>\n<span style=\"color: #000000\"> Imamo 10. 500 enot knji\u017eni\u010dnega gradiva. Gradivo si lahko uporabniki poi\u0161\u010dejo v prostem pristopu, leposlovje je postavljeno na policah po starostnih stopnjah C, P, M, strokovne knjige pa po sistemu UDK. Smo pridru\u017eeni \u010dlani <a style=\"color: #000000\" href=\"http:\/\/cobiss.izum.si\/\"> <strong> COBISS<\/strong><\/a> -a.<\/span><br \/>\n<span style=\"color: #000000\"> <strong>Knji\u017eni\u010dni fond obsega:<\/strong><\/span><\/p>\n<ul>\n<li><span style=\"color: #000000\">leposlovne in strokovne knjige,<\/span><\/li>\n<li><span style=\"color: #000000\">referen\u010dno gradivo (slovarji, enciklopedije, atlasi),<\/span><\/li>\n<li><span style=\"color: #000000\">serijske publikacije,<\/span><\/li>\n<li><span style=\"color: #000000\">videokasete,<\/span><\/li>\n<li><span style=\"color: #000000\">DVD-je,<\/span><\/li>\n<li><span style=\"color: #000000\">zvo\u010dne kasete,<\/span><\/li>\n<li><span style=\"color: #000000\">zgo\u0161\u010denke,<\/span><\/li>\n<li><span style=\"color: #000000\">CD-rome.<\/span><\/li>\n<\/ul>\n<\/div>\n<\/div>\n<\/div>\n<\/div>\n","protected":false},"excerpt":{"rendered":"<p>KNJI\u017dNICA O\u0160 Muta Delovni \u010das: ponedeljek &#8211; petek: 7.00 &#8211; 14.00 ure Knji\u017eni\u010darka: Jo\u017eica Lauko Telefon: (02) 88 79 532 E-naslov: jozica.lauko@guest.arnes.si \u0160olska knji\u017enica oskrbuje u\u010dence in u\u010ditelje s knji\u017eni\u010dnim gradivom, ki je potrebno za izvajanja vzgojnoizobra\u017eevalnih programov in drugih dejavnosti na \u0161oli. Vzgaja in oblikuje u\u010denca v bralca na vseh stopnjah njegovega razvoja ter [&hellip;]<\/p>\n","protected":false},"author":5469,"featured_media":0,"parent":265,"menu_order":0,"comment_status":"closed","ping_status":"closed","template":"","meta":{"_et_pb_use_builder":"","_et_pb_old_content":"","_et_gb_content_width":"","ngg_post_thumbnail":0,"footnotes":""},"class_list":["post-66","page","type-page","status-publish","hentry"],"_links":{"self":[{"href":"https:\/\/osmuta.si\/index.php?rest_route=\/wp\/v2\/pages\/66","targetHints":{"allow":["GET"]}}],"collection":[{"href":"https:\/\/osmuta.si\/index.php?rest_route=\/wp\/v2\/pages"}],"about":[{"href":"https:\/\/osmuta.si\/index.php?rest_route=\/wp\/v2\/types\/page"}],"author":[{"embeddable":true,"href":"https:\/\/osmuta.si\/index.php?rest_route=\/wp\/v2\/users\/5469"}],"replies":[{"embeddable":true,"href":"https:\/\/osmuta.si\/index.php?rest_route=%2Fwp%2Fv2%2Fcomments&post=66"}],"version-history":[{"count":2,"href":"https:\/\/osmuta.si\/index.php?rest_route=\/wp\/v2\/pages\/66\/revisions"}],"predecessor-version":[{"id":144,"href":"https:\/\/osmuta.si\/index.php?rest_route=\/wp\/v2\/pages\/66\/revisions\/144"}],"up":[{"embeddable":true,"href":"https:\/\/osmuta.si\/index.php?rest_route=\/wp\/v2\/pages\/265"}],"wp:attachment":[{"href":"https:\/\/osmuta.si\/index.php?rest_route=%2Fwp%2Fv2%2Fmedia&parent=66"}],"curies":[{"name":"wp","href":"https:\/\/api.w.org\/{rel}","templated":true}]}}