{"id":70,"date":"2015-08-06T15:25:31","date_gmt":"2015-08-06T13:25:31","guid":{"rendered":"http:\/\/osmutaa.splet.arnes.si\/?page_id=70"},"modified":"2015-08-10T21:15:22","modified_gmt":"2015-08-10T19:15:22","slug":"fleksibilni-predmetnik","status":"publish","type":"page","link":"https:\/\/osmuta.si\/?page_id=70","title":{"rendered":"Fleksibilni predmetnik"},"content":{"rendered":"<div class=\"art-postcontent clearfix\">\n<div class=\"art-article\">\n<div class=\"art-postcontent clearfix\">\n<div class=\"art-article\">\n<div class=\"leading\">\n<p><span style=\"color: #000000\">Osnovna \u0161ola Muta se je na pobudo vodstva \u0161ole in ob soglasju strokovnih delavcev na \u0161oli in star\u0161ev prijavila na razpis in bila izbrana za izvajanje poskusa fleksibilnega predmetnika v zadnjih treh razredih osnovne \u0161ole v \u0161olskem letu 2006\/2007.<\/span><\/p>\n<p><span style=\"color: #000000\">Fleksibilni predmetnik omogo\u010da druga\u010dno razporeditev tedenskega \u0161tevila ur pouka v 6., 7., 8. in 9. razredu, kot to dolo\u010da veljavni predmetnik.<\/span><br \/>\n<span style=\"color: #000000\"> Pouk sloven\u0161\u010dine, matematike, tujega jezika in \u0161portne vzgoje se izvaja vse \u0161olsko leto v skladu s predmetnikom, pouk ostalih predmetov se izvaja v obsegu letnega \u0161tevila ur, ki pa so lahko med \u0161olskim letom neenakomerno razporejene po ocenjevalnih obdobjih.<\/span><\/p>\n<p><span style=\"color: #000000\">Za projekt smo se odlo\u010dili zaradi naslednjih prednosti:<\/span><br \/>\n<span style=\"color: #000000\"> &#8211; razbremenitev u\u010dencev<\/span><br \/>\n<span style=\"color: #000000\"> &#8211; dnevno manj predmetov &#8211; la\u017eje \u0161olske torbice<\/span><br \/>\n<span style=\"color: #000000\"> &#8211; pestrost v oblikah in metodah pri pouku in<\/span><br \/>\n<span style=\"color: #000000\"> &#8211; la\u017eja organizacija projektnega in terenskega dela.<\/span><\/p>\n<\/div>\n<\/div>\n<\/div>\n<\/div>\n<\/div>\n","protected":false},"excerpt":{"rendered":"<p>Osnovna \u0161ola Muta se je na pobudo vodstva \u0161ole in ob soglasju strokovnih delavcev na \u0161oli in star\u0161ev prijavila na razpis in bila izbrana za izvajanje poskusa fleksibilnega predmetnika v zadnjih treh razredih osnovne \u0161ole v \u0161olskem letu 2006\/2007. Fleksibilni predmetnik omogo\u010da druga\u010dno razporeditev tedenskega \u0161tevila ur pouka v 6., 7., 8. in 9. razredu, [&hellip;]<\/p>\n","protected":false},"author":5469,"featured_media":0,"parent":269,"menu_order":0,"comment_status":"closed","ping_status":"closed","template":"","meta":{"_et_pb_use_builder":"","_et_pb_old_content":"","_et_gb_content_width":"","ngg_post_thumbnail":0,"footnotes":""},"class_list":["post-70","page","type-page","status-publish","hentry"],"_links":{"self":[{"href":"https:\/\/osmuta.si\/index.php?rest_route=\/wp\/v2\/pages\/70","targetHints":{"allow":["GET"]}}],"collection":[{"href":"https:\/\/osmuta.si\/index.php?rest_route=\/wp\/v2\/pages"}],"about":[{"href":"https:\/\/osmuta.si\/index.php?rest_route=\/wp\/v2\/types\/page"}],"author":[{"embeddable":true,"href":"https:\/\/osmuta.si\/index.php?rest_route=\/wp\/v2\/users\/5469"}],"replies":[{"embeddable":true,"href":"https:\/\/osmuta.si\/index.php?rest_route=%2Fwp%2Fv2%2Fcomments&post=70"}],"version-history":[{"count":3,"href":"https:\/\/osmuta.si\/index.php?rest_route=\/wp\/v2\/pages\/70\/revisions"}],"predecessor-version":[{"id":294,"href":"https:\/\/osmuta.si\/index.php?rest_route=\/wp\/v2\/pages\/70\/revisions\/294"}],"up":[{"embeddable":true,"href":"https:\/\/osmuta.si\/index.php?rest_route=\/wp\/v2\/pages\/269"}],"wp:attachment":[{"href":"https:\/\/osmuta.si\/index.php?rest_route=%2Fwp%2Fv2%2Fmedia&parent=70"}],"curies":[{"name":"wp","href":"https:\/\/api.w.org\/{rel}","templated":true}]}}