{"id":73,"date":"2015-08-06T15:26:40","date_gmt":"2015-08-06T13:26:40","guid":{"rendered":"http:\/\/osmutaa.splet.arnes.si\/?page_id=73"},"modified":"2024-08-31T08:59:25","modified_gmt":"2024-08-31T06:59:25","slug":"nacionalno-preverjanje-znanja","status":"publish","type":"page","link":"https:\/\/osmuta.si\/?page_id=73","title":{"rendered":"Nacionalno preverjanje znanja"},"content":{"rendered":"<div>\r\n\r\n<span style=\"color: #000000\">Zakon dolo\u010da, da je nacionalno preverjanje znanja (NPZ) ob koncu drugega in tretjega vzgojno-izobra\u017eevalnega obdobja za u\u010dence <strong>obvezno<\/strong>.<\/span>\r\n\r\n<span style=\"color: #000000\">U\u010denci po drugem vzgojno-izobra\u017eevalnem obdobju opravljajo NPZ iz sloven\u0161\u010dine, matematike in angle\u0161\u010dine.<\/span>\r\n\r\n<span style=\"color: #000000\">Po tretjem vzgojno-izobra\u017eevalnem obdobju se znanje u\u010dencev preverja iz sloven\u0161\u010dine in matematike ter tretjega predmeta, ki ga dolo\u010di Ministrstvo za izobra\u017eevanje, znanost in \u0161port.<\/span>\r\n\r\n<\/div>\r\n<span style=\"color: #000000\">\u010casovni na\u010drt NPZ-ja v skladu s \u0161olskim koledarjem za u\u010dence 6. in 9. razreda<\/span>\r\n<div><span style=\"text-decoration: underline\"><span style=\"color: #0000ff;text-decoration: underline\">&#8211; <a style=\"color: #0000ff;text-decoration: underline\" href=\"https:\/\/www.ric.si\/nacionalno-preverjanje-znanja\/koledar-npz\/\" target=\"_blank\" rel=\"noopener noreferrer\">Koledar NPZ na straneh Dr\u017eavnega izpitnega centra<\/a><\/span><\/span><\/div>\r\n<div><span style=\"text-decoration: underline\"><span style=\"color: #0000ff;text-decoration: underline\">&#8211; <a style=\"color: #0000ff;text-decoration: underline\" href=\"http:\/\/www.ric.si\/preverjanje_znanja\/splosne_informacije\/\" target=\"_blank\" rel=\"noopener noreferrer\">Ve\u010d na spletnih straneh Dr\u017eavnega izpitnega centra<\/a><\/span><\/span><\/div>\r\n<div><a href=\"https:\/\/www.ric.si\/nacionalno-preverjanje-znanja\/splosne-informacije\/\" target=\"_blank\" rel=\"noopener\"><span style=\"text-decoration: underline\"><span style=\"color: #0000ff;text-decoration: underline\">&#8211; Informacije za u\u010dence in star\u0161e<\/span><\/span><\/a><\/div>\r\n<div><span style=\"color: #000000\"><strong>&nbsp;<\/strong><\/span><\/div>\r\n<!-- \/wp:post-content -->","protected":false},"excerpt":{"rendered":"<p>Zakon dolo\u010da, da je nacionalno preverjanje znanja (NPZ) ob koncu drugega in tretjega vzgojno-izobra\u017eevalnega obdobja za u\u010dence obvezno. U\u010denci po drugem vzgojno-izobra\u017eevalnem obdobju opravljajo NPZ iz sloven\u0161\u010dine, matematike in angle\u0161\u010dine. Po tretjem vzgojno-izobra\u017eevalnem obdobju se znanje u\u010dencev preverja iz sloven\u0161\u010dine in matematike ter tretjega predmeta, ki ga dolo\u010di Ministrstvo za izobra\u017eevanje, znanost in \u0161port. \u010casovni [&hellip;]<\/p>\n","protected":false},"author":5469,"featured_media":0,"parent":269,"menu_order":0,"comment_status":"closed","ping_status":"closed","template":"","meta":{"_et_pb_use_builder":"","_et_pb_old_content":"","_et_gb_content_width":"","ngg_post_thumbnail":0,"footnotes":""},"class_list":["post-73","page","type-page","status-publish","hentry"],"_links":{"self":[{"href":"https:\/\/osmuta.si\/index.php?rest_route=\/wp\/v2\/pages\/73","targetHints":{"allow":["GET"]}}],"collection":[{"href":"https:\/\/osmuta.si\/index.php?rest_route=\/wp\/v2\/pages"}],"about":[{"href":"https:\/\/osmuta.si\/index.php?rest_route=\/wp\/v2\/types\/page"}],"author":[{"embeddable":true,"href":"https:\/\/osmuta.si\/index.php?rest_route=\/wp\/v2\/users\/5469"}],"replies":[{"embeddable":true,"href":"https:\/\/osmuta.si\/index.php?rest_route=%2Fwp%2Fv2%2Fcomments&post=73"}],"version-history":[{"count":15,"href":"https:\/\/osmuta.si\/index.php?rest_route=\/wp\/v2\/pages\/73\/revisions"}],"predecessor-version":[{"id":17503,"href":"https:\/\/osmuta.si\/index.php?rest_route=\/wp\/v2\/pages\/73\/revisions\/17503"}],"up":[{"embeddable":true,"href":"https:\/\/osmuta.si\/index.php?rest_route=\/wp\/v2\/pages\/269"}],"wp:attachment":[{"href":"https:\/\/osmuta.si\/index.php?rest_route=%2Fwp%2Fv2%2Fmedia&parent=73"}],"curies":[{"name":"wp","href":"https:\/\/api.w.org\/{rel}","templated":true}]}}